{"id":14,"date":"2012-06-16T17:36:54","date_gmt":"2012-06-16T16:36:54","guid":{"rendered":"http:\/\/www.monarchy.de\/blog\/?page_id=14"},"modified":"2025-04-15T15:08:24","modified_gmt":"2025-04-15T14:08:24","slug":"guide-me","status":"publish","type":"page","link":"http:\/\/www.monarchy.de\/?page_id=14","title":{"rendered":"Guide Me"},"content":{"rendered":"<p style=\"text-align: justify;\">Smartphones der aktuellen Generation verf\u00fcgen \u00fcber immer mehr technische M\u00f6glichkeiten. Im Rahmen dieser Arbeit wurde eine Anwendung entwickelt, die eine Fu\u00dfg\u00e4ngernavigation mit Hilfe eines Mobiltelefons erm\u00f6glicht, wobei der Nutzer sowohl durch \u00fcbliche Kartenwerke als auch durch Augmented Reality geleitet wird. Unter Augmented Reality versteht man die Einbettung zus\u00e4tzlicher Informationen in das Realbild ohne eine Unterdr\u00fcckung der nat\u00fcrlichen Sinneseindr\u00fccke.<br \/>\n<a href=\"http:\/\/monarchy.de\/projekte\/guideme\/dirk9.png\"><img decoding=\"async\" class=\"alignright\" style=\"height: 250px;\" src=\"projekte\/guideme\/dirk9.png\" alt=\"Guide Me\" \/><\/a><br \/>\nAls Software-Plattform dient dabei das von Google entwickelte Betriebssystem Android mit zugeh\u00f6rigem Software Development Kit, hardwareseitig werden eine Internetanbindung, Lagesensoren und ein GPS-Modul ben\u00f6tigt. In Verbindung mit Umgebungsinformationen wie Sehensw\u00fcrdigkeiten soll eine Route zum einen als Kartenformat vorliegen, zum anderen auf dem Display des Mobilger\u00e4ts dargestellt werden.<br \/>\nZiel der Arbeit war, ein Programm zu entwerfen, das die gegebenen Daten nutzerfreundlich und mit hoher Geschwindigkeit aufbereitet. Besonderes Augenmerk wurde dabei darauf gelegt, inwieweit sich Android als Entwicklungsplattform zum Erstellen umfangreicherer Software eignet. Au\u00dferdem sollte evaluiert werden, inwiefern die Hard- und Software aktueller Mobilger\u00e4te den Anforderungen an eine solche Anwendung gerecht werden kann.<\/p>\n<p>Um die Idee des weitgehend offenen Betriebssystems Android fortzuf\u00fchren, wurde insbesondere darauf geachtet, dass die verwendeten Informationen aus offenen, frei zug\u00e4nglichen Quellen stammen. Kartendaten werden von OpenStreetMap zur Verf\u00fcgung gestellt, die Daten \u00fcber Sehensw\u00fcrdigkeiten der Umgebung stammen aus der Wikipedia. Das Framework f\u00fcr die Kartendarstellung stammt von Nutiteq und steht wie die Quelltexte der Arbeit unter einer GPL.<br \/>\n<strong>Name:<\/strong> Guide Me<br \/>\n<strong>Autor:<\/strong> Dirk St\u00fcrzekarn<br \/>\n<strong>Systemvoraussetzungen:<\/strong> Android API Level 3 (Android 1.5)<br \/>\n<strong>Version:<\/strong> 1.1.0 (21.05.2011)<br \/>\n<strong>Erscheinungsdatum:<\/strong> 27.05.2010<br \/>\n<strong>Gr\u00f6\u00dfe:<\/strong> 73KB<br \/>\n<strong>Quellcode-Download:<\/strong> <a href=\"projekte\/guideme\/guideme.zip\">Guideme.zip<\/a><br \/>\n<strong>Dokumentation:<\/strong> <a href=\"projekte\/guideme\/doc\/\" target=\"_blank\">Javadoc<\/a><br \/>\n<strong>Lizenz:<\/strong> <a href=\"http:\/\/www.gnu.org\/licenses\/gpl-2.0.html\" target=\"_blank\">GNU General Public License 2.0<\/a><\/p>\n","protected":false},"excerpt":{"rendered":"<p>Smartphones der aktuellen Generation verf\u00fcgen \u00fcber immer mehr technische M\u00f6glichkeiten. Im Rahmen dieser Arbeit wurde eine Anwendung entwickelt, die eine Fu\u00dfg\u00e4ngernavigation mit Hilfe eines Mobiltelefons erm\u00f6glicht, wobei der Nutzer sowohl durch \u00fcbliche Kartenwerke als auch durch Augmented Reality geleitet wird. Unter Augmented Reality versteht man die Einbettung zus\u00e4tzlicher Informationen in das Realbild ohne eine Unterdr\u00fcckung [&hellip;]<\/p>\n","protected":false},"author":1,"featured_media":0,"parent":0,"menu_order":0,"comment_status":"closed","ping_status":"closed","template":"","meta":{"footnotes":""},"class_list":["post-14","page","type-page","status-publish","hentry"],"_links":{"self":[{"href":"http:\/\/www.monarchy.de\/index.php?rest_route=\/wp\/v2\/pages\/14","targetHints":{"allow":["GET"]}}],"collection":[{"href":"http:\/\/www.monarchy.de\/index.php?rest_route=\/wp\/v2\/pages"}],"about":[{"href":"http:\/\/www.monarchy.de\/index.php?rest_route=\/wp\/v2\/types\/page"}],"author":[{"embeddable":true,"href":"http:\/\/www.monarchy.de\/index.php?rest_route=\/wp\/v2\/users\/1"}],"replies":[{"embeddable":true,"href":"http:\/\/www.monarchy.de\/index.php?rest_route=%2Fwp%2Fv2%2Fcomments&post=14"}],"version-history":[{"count":27,"href":"http:\/\/www.monarchy.de\/index.php?rest_route=\/wp\/v2\/pages\/14\/revisions"}],"predecessor-version":[{"id":40,"href":"http:\/\/www.monarchy.de\/index.php?rest_route=\/wp\/v2\/pages\/14\/revisions\/40"}],"wp:attachment":[{"href":"http:\/\/www.monarchy.de\/index.php?rest_route=%2Fwp%2Fv2%2Fmedia&parent=14"}],"curies":[{"name":"wp","href":"https:\/\/api.w.org\/{rel}","templated":true}]}}